{"id":95,"date":"2017-09-21T13:18:08","date_gmt":"2017-09-21T11:18:08","guid":{"rendered":"http:\/\/schmerztherapie-nenndorf.de\/?page_id=95"},"modified":"2021-03-31T11:04:43","modified_gmt":"2021-03-31T09:04:43","slug":"startseite","status":"publish","type":"page","link":"https:\/\/medizinkompetenz-fischbeck.de\/","title":{"rendered":"Startseite"},"content":{"rendered":"<h2>Willkommen auf der Internetseite der Arztpraxis Dr. med. Andreas Bertomeu in Fischbeck.<\/h2>\n<p>Wir bieten Ihnen umfassende Diagnostik mit modernsten Methoden und medizinische Behandlung auf hohem fachlichen Niveau, sowohl im schmerztherapeutischen, haus\u00e4rztlichen, als auch naturheilkundlichen Bereich.&nbsp; Dazu stehen wir Ihnen bei allen Problemen und Sorgen pers\u00f6nlich und zeitnah zur Seite.<\/p>\n<p>Unsere Internetseiten enthalten nur von ausgewiesenen Fachleuten gepr\u00fcfte Informationen. Au\u00dferdem wird unser Angebot st\u00e4ndig aktualisiert und ist frei vom Einfluss irgendwelcher Sponsoren.<\/p>\n<p>Sie werden Informationen \u00fcber die verschiedenen Leistungen der Praxis erhalten. Die Navigation des Internetauftritts ist dabei so gestaltet, dass Sie diese schnell und m\u00fchelos auffinden k\u00f6nnen.<\/p>\n<p>Trotzdem kann es sich dabei nur um einen \u00dcberblick handeln. Wenden Sie sich bei Fragen gerne an uns.<\/p>\n<p>Achten Sie bitte auch auf unsere aktuellen Informationen unter dem Men\u00fcpunkt &#8222;Aktuelles&#8220;.<\/p>\n<p><strong>Ihr Wohlbefinden hat f\u00fcr uns jederzeit Priorit\u00e4t. Ihre Gesundheit ist unser Ziel.<\/strong><\/p>\n<p>Wir freuen uns auf Ihren Besuch.<\/p>\n","protected":false},"excerpt":{"rendered":"<p>Willkommen auf der Internetseite der Arztpraxis Dr. med. Andreas Bertomeu in Fischbeck. Wir bieten Ihnen umfassende Diagnostik mit modernsten Methoden und medizinische Behandlung auf hohem fachlichen Niveau, sowohl im schmerztherapeutischen, haus\u00e4rztlichen, als auch naturheilkundlichen Bereich.&nbsp; Dazu stehen wir Ihnen bei allen Problemen und Sorgen pers\u00f6nlich und zeitnah zur Seite. Unsere Internetseiten enthalten nur von ausgewiesenen [&hellip;]<\/p>\n","protected":false},"author":1,"featured_media":0,"parent":0,"menu_order":0,"comment_status":"closed","ping_status":"closed","template":"","meta":{"_eb_attr":"","footnotes":""},"class_list":["post-95","page","type-page","status-publish","hentry"],"_links":{"self":[{"href":"https:\/\/medizinkompetenz-fischbeck.de\/index.php?rest_route=\/wp\/v2\/pages\/95","targetHints":{"allow":["GET"]}}],"collection":[{"href":"https:\/\/medizinkompetenz-fischbeck.de\/index.php?rest_route=\/wp\/v2\/pages"}],"about":[{"href":"https:\/\/medizinkompetenz-fischbeck.de\/index.php?rest_route=\/wp\/v2\/types\/page"}],"author":[{"embeddable":true,"href":"https:\/\/medizinkompetenz-fischbeck.de\/index.php?rest_route=\/wp\/v2\/users\/1"}],"replies":[{"embeddable":true,"href":"https:\/\/medizinkompetenz-fischbeck.de\/index.php?rest_route=%2Fwp%2Fv2%2Fcomments&post=95"}],"version-history":[{"count":28,"href":"https:\/\/medizinkompetenz-fischbeck.de\/index.php?rest_route=\/wp\/v2\/pages\/95\/revisions"}],"predecessor-version":[{"id":441,"href":"https:\/\/medizinkompetenz-fischbeck.de\/index.php?rest_route=\/wp\/v2\/pages\/95\/revisions\/441"}],"wp:attachment":[{"href":"https:\/\/medizinkompetenz-fischbeck.de\/index.php?rest_route=%2Fwp%2Fv2%2Fmedia&parent=95"}],"curies":[{"name":"wp","href":"https:\/\/api.w.org\/{rel}","templated":true}]}}