{"id":789,"date":"2022-11-29T19:50:42","date_gmt":"2022-11-29T18:50:42","guid":{"rendered":"https:\/\/medizinkompetenz-fischbeck.de\/?page_id=789"},"modified":"2022-11-29T19:50:43","modified_gmt":"2022-11-29T18:50:43","slug":"spezielle-lichttherapie","status":"publish","type":"page","link":"https:\/\/medizinkompetenz-fischbeck.de\/?page_id=789","title":{"rendered":"Spezielle Lichttherapie"},"content":{"rendered":"<div class=\"page\" title=\"Page 1\">\n<div class=\"section\">\n<div class=\"layoutArea\">\n<div class=\"column\">\n<p>Die durchschnittliche Beleuchtungsst\u00e4rke im Winter betr\u00e4gt 3.500 Lux.<\/p>\n<p>Die durchschnittliche Beleuchtungsst\u00e4rke im Sommer betr\u00e4gt 20.000 \u2013 100.000 Lux.<\/p>\n<p>Aus diesem Missverh\u00e4ltnis ergeben sich im Winter h\u00e4ufig die folgenden Krankheitsbilder:<img loading=\"lazy\" decoding=\"async\" class=\"alignright  wp-image-799\" src=\"https:\/\/medizinkompetenz-fischbeck.de\/wp-content\/uploads\/2022\/11\/Unknown-169x300.jpeg\" alt=\"\" width=\"218\" height=\"387\" srcset=\"https:\/\/medizinkompetenz-fischbeck.de\/wp-content\/uploads\/2022\/11\/Unknown-169x300.jpeg 169w, https:\/\/medizinkompetenz-fischbeck.de\/wp-content\/uploads\/2022\/11\/Unknown.jpeg 405w\" sizes=\"auto, (max-width: 218px) 100vw, 218px\" \/><\/p>\n<ul>\n<li>Winterdepression<\/li>\n<li>St\u00f6rung des Tagesrhythmus<\/li>\n<li><span style=\"font-size: inherit;\">Mangelnde Leistungsf\u00e4higkeit <\/span><\/li>\n<li><span style=\"font-size: inherit;\">Schlafst\u00f6rungen<\/span><\/li>\n<li>Stress \/ Burnout<\/li>\n<li>Angstst\u00f6rung<\/li>\n<li>Panikst\u00f6rung<\/li>\n<li>Kopfschmerzen<\/li>\n<li>Bluthochdruck<\/li>\n<li>Pr\u00e4menstruelles Syndrom<\/li>\n<\/ul>\n<p><span style=\"font-size: inherit;\">Die spezielle Lichttherapie mit Ger\u00e4ten gem\u00e4\u00df des Medizinproduktegesetzes leistet zwischen 20.000 und 30.000 Lux zur Behandlung der o.g. St\u00f6rungen.<\/span><\/p>\n<div class=\"page\" title=\"Page 2\">\n<div class=\"layoutArea\">\n<div class=\"column\">\n<p><strong>WIRKUNGSWEISE<\/strong><br \/>\nDer Mensch braucht eine bestimmte Menge Licht, um seine Seele im Gleichgewicht zu halten. Licht synchronisiert den Tag- Nacht-Rhythmus und steuert biologische Funktionen. Bei Lichtmangel bzw. langer Dunkelheit, wie im Winter, wird ein Hormon (Melatonin) gebildet, das f\u00fcr unser Schlafbed\u00fcrfnis verantwortlich ist.<br \/>\nBei der Lichttherapie wird Licht von der Netzhaut aufgenommen und der entsprechende Reiz \u00fcber Nervenbahnen in das Zwischenhirn geleitet. Dort befindet sich unsere biologische Uhr. \u00dcber Hormone werden wichtige Funktionen unseres K\u00f6rpers gesteuert: Blutdruck, Atmung, Stoffwechsel, Hunger, Durst, Stimmung, Lust auf Sex. Die Lichttherapie verringert wirksam die Bildung des Hormons Melatonin.<br \/>\nDas Licht ist augenschonend und gut vertr\u00e4glich. Es enth\u00e4lt keine ultravioletten oder infraroten Strahlen, die sch\u00e4digend sein k\u00f6nnten.<\/p>\n<p><strong style=\"font-size: inherit;\">ANWENDUNG<br \/>\n<\/strong><span style=\"font-size: inherit;\">Der\/die Patient\/in sitzt in Blickrichtung zur therapeutischen Lichtquelle und schaut alle 3 Minuten f\u00fcr einige Sekunden direkt ins Licht. Der Abstand zur Lichtquelle muss mindestens 55 cm betragen. Dabei kann der Patient lesen oder Musik h\u00f6ren.<\/span><\/p>\n<p><strong style=\"font-size: inherit;\">DOSIERUNG<br \/>\n<\/strong><span style=\"font-size: inherit;\">Eine Anwendung dauert 30 Minuten.<img loading=\"lazy\" decoding=\"async\" class=\"alignright  wp-image-797\" src=\"https:\/\/medizinkompetenz-fischbeck.de\/wp-content\/uploads\/2022\/11\/IMG_2576-225x300.jpg\" alt=\"\" width=\"245\" height=\"327\" srcset=\"https:\/\/medizinkompetenz-fischbeck.de\/wp-content\/uploads\/2022\/11\/IMG_2576-225x300.jpg 225w, https:\/\/medizinkompetenz-fischbeck.de\/wp-content\/uploads\/2022\/11\/IMG_2576-768x1024.jpg 768w, https:\/\/medizinkompetenz-fischbeck.de\/wp-content\/uploads\/2022\/11\/IMG_2576-1152x1536.jpg 1152w, https:\/\/medizinkompetenz-fischbeck.de\/wp-content\/uploads\/2022\/11\/IMG_2576-1536x2048.jpg 1536w, https:\/\/medizinkompetenz-fischbeck.de\/wp-content\/uploads\/2022\/11\/IMG_2576-scaled.jpg 1920w\" sizes=\"auto, (max-width: 245px) 100vw, 245px\" \/><\/span><\/p>\n<\/div>\n<div class=\"column\">\n<p>Akut-Therapie:<br \/>\nEinmal t\u00e4glich \u00fcber 2 Wochen.<\/p>\n<p>Kur-Therapie:<br \/>\nJeden zweiten Tag 30 Minuten \u00fcber 4 Wochen.<\/p>\n<p>Mit einer positiven Wirkung ist \u00fcblicherweise nach 3-7 Tagen zu rechnen.<\/p>\n<p><strong>NEBENWIRKUNGEN<\/strong><br \/>\nSehr selten treten Kopfschmerzen oder Augenbrennen auf. Dann sollte die Belichtungszeit auf 15 Minuten reduziert werden.<\/p>\n<div class=\"page\" title=\"Page 1\">\n<div class=\"layoutArea\">\n<div class=\"column\">\n<p><strong>GEGENANZEIGEN<\/strong><br \/>\nBei Netzhauterkrankungen und bei Einnahme bestimmter Medikamente (Resochin, Lithium, Neuroleptika, Fluoxetin) sollte die Lichttherapie nicht durchgef\u00fchrt werden.<\/p>\n<p style=\"text-align: left;\"><strong>KOSTEN<\/strong><br \/>\nDie Gesetzlichen Krankenkassen erstatten die Kosten f\u00fcr die Behandlung auf Antrag im Einzelfall. Ansonsten orientieren sich die Kosten an der Geb\u00fchrenordnung f\u00fcr \u00c4rzte (GO\u00c4):<\/p>\n<p style=\"text-align: center;\">GO\u00c4 567A = 12,19\u20ac \/ Sitzung<\/p>\n<p>Sie erhalten jeweils am Monatsende eine Rechnung \u00fcber den f\u00e4lligen Betrag.<br \/>\nWir w\u00fcnschen Ihnen mit dieser nat\u00fcrlichen Behandlungsmethode gute Besserung und viel Erfolg!<\/p>\n<\/div>\n<\/div>\n<\/div>\n<p><span style=\"color: #ff0000;\">Quelle: Zulley J, Wirz-Justice A. (Hrsg.) Lichttherapie. Roderer Verlag, Regensburg (1999)<\/span><\/p>\n<\/div>\n<\/div>\n<\/div>\n<\/div>\n<\/div>\n<\/div>\n<\/div>\n","protected":false},"excerpt":{"rendered":"<p>Die durchschnittliche Beleuchtungsst\u00e4rke im Winter betr\u00e4gt 3.500 Lux. Die durchschnittliche Beleuchtungsst\u00e4rke im Sommer betr\u00e4gt 20.000 \u2013 100.000 Lux. Aus diesem Missverh\u00e4ltnis ergeben sich im Winter h\u00e4ufig die folgenden Krankheitsbilder: Winterdepression St\u00f6rung des Tagesrhythmus Mangelnde Leistungsf\u00e4higkeit Schlafst\u00f6rungen Stress \/ Burnout Angstst\u00f6rung Panikst\u00f6rung Kopfschmerzen Bluthochdruck Pr\u00e4menstruelles Syndrom Die spezielle Lichttherapie mit Ger\u00e4ten gem\u00e4\u00df des Medizinproduktegesetzes leistet zwischen [&hellip;]<\/p>\n","protected":false},"author":1,"featured_media":0,"parent":0,"menu_order":0,"comment_status":"closed","ping_status":"closed","template":"","meta":{"_eb_attr":"","footnotes":""},"class_list":["post-789","page","type-page","status-publish","hentry"],"_links":{"self":[{"href":"https:\/\/medizinkompetenz-fischbeck.de\/index.php?rest_route=\/wp\/v2\/pages\/789","targetHints":{"allow":["GET"]}}],"collection":[{"href":"https:\/\/medizinkompetenz-fischbeck.de\/index.php?rest_route=\/wp\/v2\/pages"}],"about":[{"href":"https:\/\/medizinkompetenz-fischbeck.de\/index.php?rest_route=\/wp\/v2\/types\/page"}],"author":[{"embeddable":true,"href":"https:\/\/medizinkompetenz-fischbeck.de\/index.php?rest_route=\/wp\/v2\/users\/1"}],"replies":[{"embeddable":true,"href":"https:\/\/medizinkompetenz-fischbeck.de\/index.php?rest_route=%2Fwp%2Fv2%2Fcomments&post=789"}],"version-history":[{"count":13,"href":"https:\/\/medizinkompetenz-fischbeck.de\/index.php?rest_route=\/wp\/v2\/pages\/789\/revisions"}],"predecessor-version":[{"id":806,"href":"https:\/\/medizinkompetenz-fischbeck.de\/index.php?rest_route=\/wp\/v2\/pages\/789\/revisions\/806"}],"wp:attachment":[{"href":"https:\/\/medizinkompetenz-fischbeck.de\/index.php?rest_route=%2Fwp%2Fv2%2Fmedia&parent=789"}],"curies":[{"name":"wp","href":"https:\/\/api.w.org\/{rel}","templated":true}]}}