{"id":202,"date":"2017-10-02T14:33:34","date_gmt":"2017-10-02T12:33:34","guid":{"rendered":"http:\/\/schmerztherapie-nenndorf.de\/?page_id=202"},"modified":"2022-11-21T14:53:37","modified_gmt":"2022-11-21T13:53:37","slug":"akupunkturkosten","status":"publish","type":"page","link":"https:\/\/medizinkompetenz-fischbeck.de\/?page_id=202","title":{"rendered":"Akupunkturkosten"},"content":{"rendered":"<p>Seit Einf\u00fchrung der<\/p>\n<p><b>Ziffer 269 (Schmerzakupunktur)<\/b> und der<\/p>\n<p><b>Ziffer 269a (Schmerzakupunktur mit einer Behandlungsdauer \u00fcber 20 Minuten)<\/b><\/p>\n<p>ist eine Abrechnung \u00fcber die GO\u00c4 (<b>privat\u00e4rztliche Geb\u00fchrenordnung<\/b>) m\u00f6glich.\u00a0 Andere Akupunktur-Indikationen k\u00f6nnen \u00fcber Analogziffern liquidiert werden. Ein Teil der gesetzlichen Krankenkassen erstatten derzeit die Behandlungskosten bei einem <b>qualifizierten Akupunkturarzt<\/b> nach <b>vorheriger Antragstellung<\/b>, allerdings ausschlie\u00dflich bei den Indikationen <strong>LWS-Beschwerden<\/strong> und <strong>Knieschmerzen<\/strong>.<\/p>\n<p>In den anderen F\u00e4llen wird eine Akupunkturbehandlung individuell abgerechnet und kostet je nach Krankheitsbild, Komplexit\u00e4t und Schwere der Erkrankung zwischen \u20ac 26,81 bis \u20ac 71,40. Sie dauert mindestens 20 Minuten.<\/p>\n\n\n<p><\/p>\n","protected":false},"excerpt":{"rendered":"<p>Seit Einf\u00fchrung der Ziffer 269 (Schmerzakupunktur) und der Ziffer 269a (Schmerzakupunktur mit einer Behandlungsdauer \u00fcber 20 Minuten) ist eine Abrechnung \u00fcber die GO\u00c4 (privat\u00e4rztliche Geb\u00fchrenordnung) m\u00f6glich.\u00a0 Andere Akupunktur-Indikationen k\u00f6nnen \u00fcber Analogziffern liquidiert werden. Ein Teil der gesetzlichen Krankenkassen erstatten derzeit die Behandlungskosten bei einem qualifizierten Akupunkturarzt nach vorheriger Antragstellung, allerdings ausschlie\u00dflich bei den Indikationen LWS-Beschwerden [&hellip;]<\/p>\n","protected":false},"author":1,"featured_media":0,"parent":216,"menu_order":0,"comment_status":"closed","ping_status":"closed","template":"","meta":{"_eb_attr":"","footnotes":""},"class_list":["post-202","page","type-page","status-publish","hentry"],"_links":{"self":[{"href":"https:\/\/medizinkompetenz-fischbeck.de\/index.php?rest_route=\/wp\/v2\/pages\/202","targetHints":{"allow":["GET"]}}],"collection":[{"href":"https:\/\/medizinkompetenz-fischbeck.de\/index.php?rest_route=\/wp\/v2\/pages"}],"about":[{"href":"https:\/\/medizinkompetenz-fischbeck.de\/index.php?rest_route=\/wp\/v2\/types\/page"}],"author":[{"embeddable":true,"href":"https:\/\/medizinkompetenz-fischbeck.de\/index.php?rest_route=\/wp\/v2\/users\/1"}],"replies":[{"embeddable":true,"href":"https:\/\/medizinkompetenz-fischbeck.de\/index.php?rest_route=%2Fwp%2Fv2%2Fcomments&post=202"}],"version-history":[{"count":5,"href":"https:\/\/medizinkompetenz-fischbeck.de\/index.php?rest_route=\/wp\/v2\/pages\/202\/revisions"}],"predecessor-version":[{"id":764,"href":"https:\/\/medizinkompetenz-fischbeck.de\/index.php?rest_route=\/wp\/v2\/pages\/202\/revisions\/764"}],"up":[{"embeddable":true,"href":"https:\/\/medizinkompetenz-fischbeck.de\/index.php?rest_route=\/wp\/v2\/pages\/216"}],"wp:attachment":[{"href":"https:\/\/medizinkompetenz-fischbeck.de\/index.php?rest_route=%2Fwp%2Fv2%2Fmedia&parent=202"}],"curies":[{"name":"wp","href":"https:\/\/api.w.org\/{rel}","templated":true}]}}