{"id":200,"date":"2017-10-02T14:33:13","date_gmt":"2017-10-02T12:33:13","guid":{"rendered":"http:\/\/schmerztherapie-nenndorf.de\/?page_id=200"},"modified":"2017-10-13T21:49:23","modified_gmt":"2017-10-13T19:49:23","slug":"akupunkturablauf","status":"publish","type":"page","link":"https:\/\/medizinkompetenz-fischbeck.de\/?page_id=200","title":{"rendered":"Therapieverlauf"},"content":{"rendered":"<p>F\u00fcr die Akupunktur-Therapie werden feine, sterile Edelstahl-Nadeln benutzt, die an bestimmten Punkten eingestochen werden.<br \/>\nKinder bis zum Alter von circa acht Jahren werden mit Softlaser an den Akupunkturpunkten behandelt. Dies ist v\u00f6llig schmerzlos. Kinder sprechen besonders schnell auf die Behandlung an, weil ihre Reaktionsf\u00e4higkeit unbelasteter ist.<br \/>\nDer Energiefluss wird im betroffenen Bereich zus\u00e4tzlich befreit durch Tuina-Massage, Erw\u00e4rmung mit \u201eMoxa\u201c und Schr\u00f6pfen.<\/p>\n<p>Durchschnittlich werden die ersten vier bis zehn Akupunktur-Behandlungen im Abstand von einer Woche gehalten und, bei merklicher Besserung der Beschwerden, daraufhin in immer l\u00e4nger werdenden Abst\u00e4nden ausgeschlichen bis sie nicht mehr notwendig sind.<br \/>\nDurch die Akupunktur-Therapie werden die k\u00f6rpereigenen Kr\u00e4fte freigesetzt f\u00fcr den Prozess der Gesundung und der L\u00f6sung von Blockaden.<br \/>\nDen restlichen Tag nach der Akupunktur-Behandlung sollte man keinen schwei\u00dftreibenden Sport aus\u00fcben, kein Bad nehmen und viel Wasser trinken, damit der K\u00f6rper sich ganz auf seine Reaktion konzentrieren kann.<\/p>\n","protected":false},"excerpt":{"rendered":"<p>F\u00fcr die Akupunktur-Therapie werden feine, sterile Edelstahl-Nadeln benutzt, die an bestimmten Punkten eingestochen werden. Kinder bis zum Alter von circa acht Jahren werden mit Softlaser an den Akupunkturpunkten behandelt. Dies ist v\u00f6llig schmerzlos. Kinder sprechen besonders schnell auf die Behandlung an, weil ihre Reaktionsf\u00e4higkeit unbelasteter ist. Der Energiefluss wird im betroffenen Bereich zus\u00e4tzlich befreit durch [&hellip;]<\/p>\n","protected":false},"author":1,"featured_media":0,"parent":216,"menu_order":0,"comment_status":"closed","ping_status":"closed","template":"","meta":{"_eb_attr":"","footnotes":""},"class_list":["post-200","page","type-page","status-publish","hentry"],"_links":{"self":[{"href":"https:\/\/medizinkompetenz-fischbeck.de\/index.php?rest_route=\/wp\/v2\/pages\/200","targetHints":{"allow":["GET"]}}],"collection":[{"href":"https:\/\/medizinkompetenz-fischbeck.de\/index.php?rest_route=\/wp\/v2\/pages"}],"about":[{"href":"https:\/\/medizinkompetenz-fischbeck.de\/index.php?rest_route=\/wp\/v2\/types\/page"}],"author":[{"embeddable":true,"href":"https:\/\/medizinkompetenz-fischbeck.de\/index.php?rest_route=\/wp\/v2\/users\/1"}],"replies":[{"embeddable":true,"href":"https:\/\/medizinkompetenz-fischbeck.de\/index.php?rest_route=%2Fwp%2Fv2%2Fcomments&post=200"}],"version-history":[{"count":4,"href":"https:\/\/medizinkompetenz-fischbeck.de\/index.php?rest_route=\/wp\/v2\/pages\/200\/revisions"}],"predecessor-version":[{"id":278,"href":"https:\/\/medizinkompetenz-fischbeck.de\/index.php?rest_route=\/wp\/v2\/pages\/200\/revisions\/278"}],"up":[{"embeddable":true,"href":"https:\/\/medizinkompetenz-fischbeck.de\/index.php?rest_route=\/wp\/v2\/pages\/216"}],"wp:attachment":[{"href":"https:\/\/medizinkompetenz-fischbeck.de\/index.php?rest_route=%2Fwp%2Fv2%2Fmedia&parent=200"}],"curies":[{"name":"wp","href":"https:\/\/api.w.org\/{rel}","templated":true}]}}