{"id":198,"date":"2017-10-02T14:32:42","date_gmt":"2017-10-02T12:32:42","guid":{"rendered":"http:\/\/schmerztherapie-nenndorf.de\/?page_id=198"},"modified":"2021-09-18T16:49:06","modified_gmt":"2021-09-18T14:49:06","slug":"akupunkturindikation","status":"publish","type":"page","link":"https:\/\/medizinkompetenz-fischbeck.de\/?page_id=198","title":{"rendered":"Anwendungsgebiete"},"content":{"rendered":"<h2>Was kann mit Akupunktur behandelt werden ?<\/h2>\n<p><strong><u>Beschwerden am Kopf<br \/>\n<\/u><\/strong>&#8211; Ohrenschmerzen, <strong>Tinnitus <\/strong><br \/>\n&#8211; Kopfschmerzen, <strong>Migr\u00e4ne<\/strong><br \/>\n&#8211; Schwindel, Facialisl\u00e4hmung, Trigeminusneuralgie<\/p>\n<p><u><strong>Magen-Darm-Beschwerden<\/strong><br \/>\n<\/u>&#8211; Magenbeschwerden<br \/>\n&#8211; \u00dcbelkeit<br \/>\n&#8211; Reizdarm<br \/>\n&#8211; Durchfall, Verstopfung<br \/>\n&#8211; Druck oder Schmerzen im Bauchbereich<br \/>\n&#8211; Stoffwechselst\u00f6rungen<br \/>\n&#8211; Sodbrennen<br \/>\n&#8211; Gewichtsst\u00f6rungen<\/p>\n<p><strong><u>Atemwegsbeschwerden:<\/u><\/strong><br \/>\n&#8211; Asthma<br \/>\n&#8211; <strong>Allergie<\/strong><br \/>\n&#8211; chronische Bronchitis<br \/>\n&#8211; Nebenh\u00f6hlen- und Stirnh\u00f6hlen-Verschleimung<br \/>\n&#8211; Abwehrschw\u00e4che, Erk\u00e4ltungsanf\u00e4lligkeit<\/p>\n<p><strong><u>Beschwerden am Halte- und Bewegungsapparat<br \/>\n<\/u><\/strong>&#8211; Gelenksteifigkeit, Arthroseschmerzen<br \/>\n&#8211; ausstrahlende Schmerzen<br \/>\n&#8211; <strong>Verspannungen (HWS, BWS, LWS)<\/strong><br \/>\n&#8211; Achillessehnenschmerzen<br \/>\n&#8211; Fersensporn<br \/>\n&#8211; <strong>Bandscheibenbeschwerden, &#8222;Hexenschuss&#8220;<br \/>\n<\/strong>&#8211; Phantomschmerzen<br \/>\n&#8211; Schmerzen bei G\u00fcrtelrose (Herpes Zoster Neuralgie)<\/p>\n<p><strong><u>Innere Unruhe, Schw\u00e4che<\/u><\/strong><\/p>\n<p><strong><u>Hautbeschwerden<br \/>\n<\/u><\/strong>&#8211; Allergie<br \/>\n&#8211; Unreinheit<br \/>\n&#8211; Neurodermitis<br \/>\n&#8211; allgemeine Lymphstauung<\/p>\n<p><strong><u>Schwangerschaftsbegleitung<\/u><\/strong><strong><u><br \/>\n<\/u><\/strong>&#8211; \u00dcbelkeit, Erbrechen<br \/>\n&#8211; Regulation der Milchproduktion<br \/>\n&#8211; Schmerzen, zum Beispiel R\u00fcckenschmerzen, Kopfschmerzen, Migr\u00e4ne<br \/>\n&#8211; Kr\u00e4ftigung der Mutter nach der Geburt<\/p>\n<p><strong><u>Klimakterische Beschwerden<\/u> <\/strong>(z.B. Hitzewallungen, Schlafst\u00f6rungen)<\/p>\n<p><strong><u>Menstruationsst\u00f6rungen, Pr\u00e4menstruelles Syndrom<\/u><\/strong><\/p>\n<p><strong><u>Gesundheitspr\u00e4vention\u00a0<\/u><\/strong> (L\u00f6sung bestehender Blockaden, Vermeidung von Burn out)<\/p>\n","protected":false},"excerpt":{"rendered":"<p>Was kann mit Akupunktur behandelt werden ? Beschwerden am Kopf &#8211; Ohrenschmerzen, Tinnitus &#8211; Kopfschmerzen, Migr\u00e4ne &#8211; Schwindel, Facialisl\u00e4hmung, Trigeminusneuralgie Magen-Darm-Beschwerden &#8211; Magenbeschwerden &#8211; \u00dcbelkeit &#8211; Reizdarm &#8211; Durchfall, Verstopfung &#8211; Druck oder Schmerzen im Bauchbereich &#8211; Stoffwechselst\u00f6rungen &#8211; Sodbrennen &#8211; Gewichtsst\u00f6rungen Atemwegsbeschwerden: &#8211; Asthma &#8211; Allergie &#8211; chronische Bronchitis &#8211; Nebenh\u00f6hlen- und Stirnh\u00f6hlen-Verschleimung &#8211; [&hellip;]<\/p>\n","protected":false},"author":1,"featured_media":0,"parent":216,"menu_order":0,"comment_status":"closed","ping_status":"closed","template":"","meta":{"_eb_attr":"","footnotes":""},"class_list":["post-198","page","type-page","status-publish","hentry"],"_links":{"self":[{"href":"https:\/\/medizinkompetenz-fischbeck.de\/index.php?rest_route=\/wp\/v2\/pages\/198","targetHints":{"allow":["GET"]}}],"collection":[{"href":"https:\/\/medizinkompetenz-fischbeck.de\/index.php?rest_route=\/wp\/v2\/pages"}],"about":[{"href":"https:\/\/medizinkompetenz-fischbeck.de\/index.php?rest_route=\/wp\/v2\/types\/page"}],"author":[{"embeddable":true,"href":"https:\/\/medizinkompetenz-fischbeck.de\/index.php?rest_route=\/wp\/v2\/users\/1"}],"replies":[{"embeddable":true,"href":"https:\/\/medizinkompetenz-fischbeck.de\/index.php?rest_route=%2Fwp%2Fv2%2Fcomments&post=198"}],"version-history":[{"count":18,"href":"https:\/\/medizinkompetenz-fischbeck.de\/index.php?rest_route=\/wp\/v2\/pages\/198\/revisions"}],"predecessor-version":[{"id":508,"href":"https:\/\/medizinkompetenz-fischbeck.de\/index.php?rest_route=\/wp\/v2\/pages\/198\/revisions\/508"}],"up":[{"embeddable":true,"href":"https:\/\/medizinkompetenz-fischbeck.de\/index.php?rest_route=\/wp\/v2\/pages\/216"}],"wp:attachment":[{"href":"https:\/\/medizinkompetenz-fischbeck.de\/index.php?rest_route=%2Fwp%2Fv2%2Fmedia&parent=198"}],"curies":[{"name":"wp","href":"https:\/\/api.w.org\/{rel}","templated":true}]}}