{"id":195,"date":"2017-10-02T14:32:07","date_gmt":"2017-10-02T12:32:07","guid":{"rendered":"http:\/\/schmerztherapie-nenndorf.de\/?page_id=195"},"modified":"2017-10-13T21:45:21","modified_gmt":"2017-10-13T19:45:21","slug":"akupunktur","status":"publish","type":"page","link":"https:\/\/medizinkompetenz-fischbeck.de\/?page_id=195","title":{"rendered":"Akupunktur und Trad. chin. Medizin (TCM)"},"content":{"rendered":"<div><img loading=\"lazy\" decoding=\"async\" class=\"size-medium wp-image-210 alignleft\" src=\"http:\/\/schmerztherapie-nenndorf.de\/wp-content\/uploads\/2017\/10\/aiguille-1280088_1920-300x200.jpg\" alt=\"\" width=\"300\" height=\"200\" srcset=\"https:\/\/medizinkompetenz-fischbeck.de\/wp-content\/uploads\/2017\/10\/aiguille-1280088_1920-300x200.jpg 300w, https:\/\/medizinkompetenz-fischbeck.de\/wp-content\/uploads\/2017\/10\/aiguille-1280088_1920-768x511.jpg 768w, https:\/\/medizinkompetenz-fischbeck.de\/wp-content\/uploads\/2017\/10\/aiguille-1280088_1920-1024x681.jpg 1024w, https:\/\/medizinkompetenz-fischbeck.de\/wp-content\/uploads\/2017\/10\/aiguille-1280088_1920.jpg 1920w\" sizes=\"auto, (max-width: 300px) 100vw, 300px\" \/>In der chinesischen Medizin bedeutet \u201eGesundheit\u201c der freie und harmonische Fluss der Lebensenergie.<\/div>\n<div>\u201eKrankheit\u201c wird beschrieben als l\u00e4nger bestehende Blockade dieses freien, harmonischen Energieflusses.<\/div>\n<div>Der menschliche K\u00f6rper stellt sich dem Akupunkteur als eine \u201eLandschaft\u201c dar, die durchstr\u00f6mt ist von vielen kleinen, mittleren und gro\u00dfen \u201eEnergiefl\u00fcssen\u201c, in deren Verlauf an tastbaren Stellen besondere Energiepunkte liegen. Entlang dieser sogenannten \u201eMeridiane\u201c und besonders an deren Zugangspunkten hat der Akupunkteur die M\u00f6glichkeit mittels Akupunktur, Akupressur, Moxibustion und\u00a0Tuina-Massage den Energiefluss zu befreien.<\/div>\n<div>Aufschluss \u00fcber die zugrunde liegende energetische Situation bekommt der Akupunkteur durch eine gr\u00fcndliche Befragung des Patienten, die genaue Betrachtung der Zunge und das F\u00fchlen des Pulses.<\/div>\n<div><\/div>\n<div><\/div>\n<div><\/div>\n<h2>Wie entsteht eine sogenannte Blockade ?<\/h2>\n<div><\/div>\n<div>Sie entsteht entweder durch eine Einwirkung von au\u00dfen, wie z.B. zu starker Wind oder K\u00e4lte, ungesunde Ern\u00e4hrung oder eine Verletzung oder durch eine innere Ursache, wie Emotionen.<br \/>\nDiese Einfl\u00fcsse bewirken ein \u201ezu wenig\u201c oder \u201ezu viel\u201c an Energie in einem oder mehreren Bereichen des K\u00f6rpers, was den freien Fluss entsprechend stark behindert. Oft entwickelt sich daraus eine Kettenreaktion oder ein \u201eTeufelskreis\u201c.<br \/>\nDiese St\u00f6rungen zeigen sich nicht nur durch \u00e4u\u00dferliche Schmerzen, sondern sie haben Einfluss auf den gesamten K\u00f6rper und die Psyche.<\/div>\n","protected":false},"excerpt":{"rendered":"<p>In der chinesischen Medizin bedeutet \u201eGesundheit\u201c der freie und harmonische Fluss der Lebensenergie. \u201eKrankheit\u201c wird beschrieben als l\u00e4nger bestehende Blockade dieses freien, harmonischen Energieflusses. Der menschliche K\u00f6rper stellt sich dem Akupunkteur als eine \u201eLandschaft\u201c dar, die durchstr\u00f6mt ist von vielen kleinen, mittleren und gro\u00dfen \u201eEnergiefl\u00fcssen\u201c, in deren Verlauf an tastbaren Stellen besondere Energiepunkte liegen. Entlang [&hellip;]<\/p>\n","protected":false},"author":1,"featured_media":0,"parent":216,"menu_order":0,"comment_status":"closed","ping_status":"closed","template":"","meta":{"_eb_attr":"","footnotes":""},"class_list":["post-195","page","type-page","status-publish","hentry"],"_links":{"self":[{"href":"https:\/\/medizinkompetenz-fischbeck.de\/index.php?rest_route=\/wp\/v2\/pages\/195","targetHints":{"allow":["GET"]}}],"collection":[{"href":"https:\/\/medizinkompetenz-fischbeck.de\/index.php?rest_route=\/wp\/v2\/pages"}],"about":[{"href":"https:\/\/medizinkompetenz-fischbeck.de\/index.php?rest_route=\/wp\/v2\/types\/page"}],"author":[{"embeddable":true,"href":"https:\/\/medizinkompetenz-fischbeck.de\/index.php?rest_route=\/wp\/v2\/users\/1"}],"replies":[{"embeddable":true,"href":"https:\/\/medizinkompetenz-fischbeck.de\/index.php?rest_route=%2Fwp%2Fv2%2Fcomments&post=195"}],"version-history":[{"count":8,"href":"https:\/\/medizinkompetenz-fischbeck.de\/index.php?rest_route=\/wp\/v2\/pages\/195\/revisions"}],"predecessor-version":[{"id":275,"href":"https:\/\/medizinkompetenz-fischbeck.de\/index.php?rest_route=\/wp\/v2\/pages\/195\/revisions\/275"}],"up":[{"embeddable":true,"href":"https:\/\/medizinkompetenz-fischbeck.de\/index.php?rest_route=\/wp\/v2\/pages\/216"}],"wp:attachment":[{"href":"https:\/\/medizinkompetenz-fischbeck.de\/index.php?rest_route=%2Fwp%2Fv2%2Fmedia&parent=195"}],"curies":[{"name":"wp","href":"https:\/\/api.w.org\/{rel}","templated":true}]}}